{"id":12468,"date":"2022-10-19T14:04:16","date_gmt":"2022-10-19T14:04:16","guid":{"rendered":"https:\/\/celilabadadpu.edu.az\/?page_id=12468"},"modified":"2024-10-08T05:33:14","modified_gmt":"2024-10-08T05:33:14","slug":"haqqimizda","status":"publish","type":"page","link":"https:\/\/celilabadadpu.edu.az\/?page_id=12468","title":{"rendered":"Az\u0259rbaycan D\u00f6vl\u0259t Pedaqoji Univeristeti C\u0259lilabad filial\u0131n\u0131n f\u0259aliyy\u0259ti haqq\u0131nda"},"content":{"rendered":"<p>[vc_row][vc_column css=&#8221;.vc_custom_1666188349660{padding-top: 40px !important;padding-bottom: 40px !important;}&#8221;][vc_column_text]<strong>\u00a0 \u00a0 \u00a0 Az\u0259rbaycan D\u00f6vl\u0259t Pedaqoji Universitetinin C\u0259lilabad filial\u0131 haqq\u0131nda<\/strong><\/p>\n<p>Az\u0259rbaycan D\u00f6vl\u0259t Pedaqoji Universitetinin C\u0259lilabad filial\u0131 (ke\u00e7mi\u015f Az\u0259rbaycan M\u00fc\u0259lliml\u0259r \u0130nstitutunun C\u0259lilabad filial\u0131) \u00fcmummilli liderimiz Heyd\u0259r \u018fliyevin\u00a0 \u201cAz\u0259rbaycan Respublikas\u0131nda t\u0259hsil sisteminin t\u0259kmill\u0259\u015fdirilm\u0259si\u201d haqq\u0131nda 13 iyun 2000-ci il tarixli 349 n\u00f6mr\u0259li f\u0259rman\u0131 il\u0259 yarad\u0131lm\u0131\u015fd\u0131r. Az\u0259rbaycan D\u00f6vl\u0259t Pedaqoji Universitetinin C\u0259lilabad filial\u0131 haz\u0131rda \u00f6lk\u0259 v\u0259 region \u00fc\u00e7\u00fcn siyasi, sosial, iqtisadi v\u0259 strateji \u0259h\u0259miyy\u0259t\u0259 malik olan elm, t\u0259hsil, m\u0259d\u0259niyy\u0259t v\u0259 intelekt m\u0259rk\u0259zin\u0259 \u00e7evrilmi\u015fdir. Filial 2000\/2001-ci t\u0259dris ilind\u0259 <strong>7 n\u0259f\u0259r t\u0259l\u0259b\u0259 11 n\u0259f\u0259r m\u00fc\u0259lliml\u0259<\/strong> f\u0259aliyy\u0259t\u0259 ba\u015flam\u0131\u015fd\u0131r. Haz\u0131rda Az\u0259rbaycan D\u00f6vl\u0259t Pedaqoji Universitetinin C\u0259lilabad filial\u0131nda qeyd olunan <strong>5 ixtisas \u00fczr\u0259 48 rayondan 571<\/strong> n\u0259f\u0259r t\u0259l\u0259b\u0259 t\u0259hsil al\u0131r.<\/p>\n<ol>\n<li><strong> Az\u0259rbaycan dili v\u0259 \u0259d\u0259biyyat\u0131 m\u00fc\u0259llimliyi<\/strong><\/li>\n<li><strong> Tarix v\u0259 co\u011frafiya m\u00fc\u0259llimliyi<\/strong><\/li>\n<li><strong> \u0130btidai sinif m\u00fc\u0259llimliyi<\/strong><\/li>\n<li><strong> M\u0259kt\u0259b\u0259q\u0259d\u0259r t\u0259hsil<\/strong><\/li>\n<li><strong> T\u0259hsild\u0259 sosial-psixoloji xidm\u0259t<\/strong><\/li>\n<\/ol>\n<p>T\u0259l\u0259b\u0259l\u0259rin <strong>70%-i q\u0131zlard\u0131r<\/strong>. Regionda ali t\u0259hsilin \u0259l\u00e7atanl\u0131\u011f\u0131 tamamil\u0259 t\u0259min olunmu\u015f, m\u00fcxt\u0259lif ixtisaslar \u00fczr\u0259 m\u00fc\u0259llim \u00e7at\u0131\u015fmazl\u0131\u011f\u0131 aradan qald\u0131r\u0131lmaqdad\u0131r. Az\u0259rbaycan D\u00f6vl\u0259t Pedaqoji Universitetinin C\u0259lilabad filial\u0131nda sa\u011flam t\u0259hsil m\u00fchiti formala\u015fm\u0131\u015fd\u0131r.<\/p>\n<p>Avropa \u0130ttifaq\u0131n\u0131n maliyy\u0259 d\u0259st\u0259yi il\u0259 Heyd\u0259r \u018fliyev Fondunun Regional \u0130nki\u015faf\u00a0\u00a0 \u0130ctimai Birliyinin \u201cM\u00fc\u0259lliml\u0259rin inkl\u00fcziv t\u0259hsil sah\u0259sind\u0259 bacar\u0131qlar\u0131n\u0131n art\u0131r\u0131lmas\u0131\u201d layih\u0259si \u00e7\u0259r\u00e7iv\u0259sind\u0259 Filialda Regional \u0130nkl\u00fcziv Resurs M\u0259rk\u0259zi yarad\u0131lm\u0131\u015fd\u0131r.<\/p>\n<p>Filialda t\u0259l\u0259b\u0259l\u0259rin ictimai f\u0259all\u0131\u011f\u0131n\u0131 t\u0259min ed\u0259n T\u0259l\u0259b\u0259 G\u0259ncl\u0259r T\u0259\u015fkilat\u0131, T\u0259l\u0259b\u0259 Elmi C\u0259miyy\u0259ti, T\u0259l\u0259b\u0259 H\u0259mkarlar T\u0259\u015fkilat\u0131 f\u0259aliyy\u0259t g\u00f6st\u0259rir.<\/p>\n<p>Filialda a\u015fa\u011f\u0131da g\u00f6st\u0259ril\u0259n struktur b\u00f6lm\u0259l\u0259ri m\u00f6vcuddur.<\/p>\n<p><strong>&#8211; Pedaqoji fak\u00fclt\u0259 &#8211; 1<\/strong><\/p>\n<p><strong>&#8211; Kafedra &#8211; 2<\/strong><\/p>\n<p><strong>&#8211; \u015e\u00f6b\u0259 &#8211; 6<\/strong><\/p>\n<p><strong>&#8211; Komputer m\u0259rk\u0259zi &#8211; 2<\/strong><\/p>\n<p><strong>&#8211; \u0130nkl\u00fcziv Resurs M\u0259rk\u0259zi &#8211; 1<\/strong><\/p>\n<p><strong>&#8211; Kitabxana &#8211; 1<\/strong><\/p>\n<p><strong>&#8211; Oxu zal\u0131 &#8211; 1<\/strong><\/p>\n<p><strong>&#8211; B\u00f6y\u00fck akt zal\u0131 &#8211; 1<\/strong><\/p>\n<p><strong>&#8211; Ki\u00e7ik akt zal\u0131 &#8211; 1<\/strong><\/p>\n<p><strong>&#8211; Tibb ota\u011f\u0131 &#8211; 1<\/strong><\/p>\n<p>T\u0259l\u0259b\u0259l\u0259rin asud\u0259 vaxtlar\u0131n\u0131n s\u0259m\u0259r\u0259li ke\u00e7rilm\u0259si \u00fc\u00e7\u00fcn filial\u0131n 1,5 ha \u0259razisind\u0259 ba\u011f v\u0259 istirah\u0259t zonas\u0131 sal\u0131nm\u0131\u015f, futbol, voleybol, basketbol, minifutbol meydan\u00e7alar\u0131 onlar\u0131n\u00a0 istifad\u0259sin\u0259 verilmi\u015fdir.<\/p>\n<p>Az\u0259rbaycan D\u00f6vl\u0259t Pedaqoji Universitetinin C\u0259lilabad filial\u0131nda t\u0259hsil alan t\u0259l\u0259b\u0259l\u0259rin t\u0259lim-t\u0259rbiy\u0259si il\u0259 a\u015fa\u011f\u0131da g\u00f6st\u0259ril\u0259n t\u0259rkibd\u0259 m\u00fcvafiq ixtisaslar \u00fczr\u0259 professor-m\u00fc\u0259llim hey\u0259ti m\u0259\u015f\u011fuldur.<\/p>\n<p><strong>&#8211; Elml\u0259r doktoru, professor \u2013 2 n\u0259f\u0259r<\/strong><\/p>\n<p><strong>&#8211; F\u0259ls\u0259f\u0259 doktoru, dosent, &#8211; 2 n\u0259f\u0259r<\/strong><\/p>\n<p><strong>&#8211; F\u0259ls\u0259f\u0259 doktoru &#8211; 7 n\u0259f\u0259r<\/strong><\/p>\n<p><strong>&#8211; Ba\u015f m\u00fc\u0259llim &#8211; 24 n\u0259f\u0259r<\/strong><\/p>\n<p><strong>&#8211; Magistr &#8211; 19 n\u0259f\u0259r<\/strong><\/p>\n<p><strong>&#8211; Respublikan\u0131n \u0259m\u0259kdar m\u00fc\u0259llimi &#8211; 2 n\u0259f\u0259r<\/strong><\/p>\n<p><strong>&#8211; T\u0259r\u0259qqi medal\u0131 il\u0259 t\u0259ltif olunan &#8211; 5 n\u0259f\u0259r<\/strong><\/p>\n<p><strong>&#8211; Qabaqc\u0131l t\u0259hsil i\u015f\u00e7isi d\u00f6\u015f ni\u015fan\u0131 il\u0259 t\u0259ltif olunan \u2013 5 n\u0259f\u0259r<\/strong><\/p>\n<p>Haz\u0131rda filial \u0259m\u0259kda\u015flar\u0131ndan m\u00fcvafiq ixtisaslar \u00fczr\u0259<\/p>\n<p><strong>&#8211; Elml\u0259r doktoru proqram\u0131 \u00fczr\u0259 t\u0259hsilalanlar &#8211; 4 n\u0259f\u0259r<\/strong><\/p>\n<p><strong>&#8211; F\u0259ls\u0259f\u0259 doktoru proqram\u0131 \u00fczr\u0259 t\u0259hsilalanlar &#8211; 9 n\u0259f\u0259r<\/strong><\/p>\n<p>4 n\u0259f\u0259r \u0259m\u0259kda\u015f\u0131m\u0131z\u0131n mart-aprel ay\u0131nda dissertasiyas\u0131n\u0131n m\u00fcdafiy\u0259si n\u0259z\u0259rd\u0259 tutulmu\u015fdur.<\/p>\n<p>Bu da Az\u0259rbaycan D\u00f6vl\u0259t Pedaqoji Universitetinin C\u0259lilabad filial\u0131nda elmi potensial\u0131n formala\u015fd\u0131r\u0131lmas\u0131ndan x\u0259b\u0259r verir.<\/p>\n<p>Az\u0259rbaycan D\u00f6vl\u0259t Pedaqoji Universitetinin C\u0259lilabad filial\u0131 q\u0131sa bir zamanda \u0259ks\u0259riyy\u0259tin istinad ed\u0259c\u0259yi elm, t\u0259hsil, m\u0259d\u0259niyy\u0259t v\u0259 idioloji bir m\u0259rk\u0259z\u0259 \u00e7evrilmi\u015fdir. Filial g\u0259ncl\u0259rin t\u0259rbiy\u0259sind\u0259, gender probleml\u0259rin h\u0259llind\u0259, erk\u0259n nigahlar\u0131n qar\u015f\u0131s\u0131n\u0131n al\u0131nmas\u0131nda, q\u0131zlar\u0131n ali t\u0259hsil\u0259 c\u0259lb olunmas\u0131nda, g\u0259ncl\u0259rin qeyri d\u00fcny\u0259vi qurumlar\u0131n t\u0259sirin\u0259 d\u00fc\u015fm\u0259m\u0259sind\u0259, g\u0259ncl\u0259rd\u0259 qlobal d\u00fcnyag\u00f6r\u00fc\u015f\u00fcn\u00fcn formala\u015fmas\u0131nda, g\u0259ncl\u0259rin z\u0259r\u0259rli v\u0259rdi\u015fl\u0259rd\u0259n \u00e7\u0259kinm\u0259sind\u0259, ayr\u0131-ayr\u0131 dini c\u0259r\u0259yanlar\u0131n t\u0259sirin\u0259 d\u00fc\u015fm\u0259m\u0259sind\u0259n m\u00fch\u00fcm \u0259h\u0259miyy\u0259t k\u0259sb edir. Az\u0259rbaycan D\u00f6vl\u0259t Pedaqoji Universitetinin C\u0259lilabad filial\u0131 -2030 Strateji \u0130nki\u015faf Plan\u0131 m\u00fcasir d\u00f6vr\u00fcn t\u0259l\u0259bl\u0259rin\u0259 uy\u011fun \u00e7evik idar\u0259etm\u0259 sistemin\u0259 malik, keyfiyy\u0259tli t\u0259hsil v\u0259 t\u0259lim m\u00fchiti il\u0259 f\u0259rql\u0259n\u0259n ali t\u0259hsil m\u00fc\u0259ssis\u0259sin\u0259 \u00e7evrilm\u0259yi h\u0259d\u0259fl\u0259yir. M\u0259qs\u0259dimiz M\u00fcst\u0259qil Az\u0259rbaycan Respublikas\u0131 \u00fc\u00e7\u00fcn y\u00fcks\u0259k intelekt\u0259 malik, z\u0259ngin m\u0259n\u0259viyyatl\u0131 v\u0259 sa\u011flam d\u00fc\u015f\u00fcnc\u0259li, v\u0259t\u0259np\u0259rv\u0259r g\u0259ncl\u0259rin yeti\u015fdirilm\u0259sidir.[\/vc_column_text][\/vc_column][\/vc_row]<\/p>\n","protected":false},"excerpt":{"rendered":"<p>[vc_row][vc_column css=&#8221;.vc_custom_1666188349660{padding-top: 40px !important;padding-bottom: 40px !important;}&#8221;][vc_column_text]\u00a0 \u00a0 \u00a0 Az\u0259rbaycan D\u00f6vl\u0259t Pedaqoji Universitetinin C\u0259lilabad filial\u0131 haqq\u0131nda Az\u0259rbaycan D\u00f6vl\u0259t Pedaqoji Universitetinin C\u0259lilabad filial\u0131 (ke\u00e7mi\u015f Az\u0259rbaycan M\u00fc\u0259lliml\u0259r \u0130nstitutunun C\u0259lilabad filial\u0131) \u00fcmummilli liderimiz Heyd\u0259r \u018fliyevin\u00a0 \u201cAz\u0259rbaycan Respublikas\u0131nda t\u0259hsil sisteminin t\u0259kmill\u0259\u015fdirilm\u0259si\u201d haqq\u0131nda 13 iyun 2000-ci il tarixli 349 n\u00f6mr\u0259li f\u0259rman\u0131 il\u0259 yarad\u0131lm\u0131\u015fd\u0131r. Az\u0259rbaycan D\u00f6vl\u0259t Pedaqoji Universitetinin C\u0259lilabad filial\u0131 haz\u0131rda \u00f6lk\u0259 [&hellip;]<\/p>\n","protected":false},"author":1,"featured_media":0,"parent":0,"menu_order":0,"comment_status":"closed","ping_status":"closed","template":"","meta":{"_acf_changed":false,"_monsterinsights_skip_tracking":false,"_monsterinsights_sitenote_active":false,"_monsterinsights_sitenote_note":"","_monsterinsights_sitenote_category":0,"footnotes":""},"class_list":["post-12468","page","type-page","status-publish","hentry"],"acf":[],"aioseo_notices":[],"_links":{"self":[{"href":"https:\/\/celilabadadpu.edu.az\/index.php?rest_route=\/wp\/v2\/pages\/12468","targetHints":{"allow":["GET"]}}],"collection":[{"href":"https:\/\/celilabadadpu.edu.az\/index.php?rest_route=\/wp\/v2\/pages"}],"about":[{"href":"https:\/\/celilabadadpu.edu.az\/index.php?rest_route=\/wp\/v2\/types\/page"}],"author":[{"embeddable":true,"href":"https:\/\/celilabadadpu.edu.az\/index.php?rest_route=\/wp\/v2\/users\/1"}],"replies":[{"embeddable":true,"href":"https:\/\/celilabadadpu.edu.az\/index.php?rest_route=%2Fwp%2Fv2%2Fcomments&post=12468"}],"version-history":[{"count":6,"href":"https:\/\/celilabadadpu.edu.az\/index.php?rest_route=\/wp\/v2\/pages\/12468\/revisions"}],"predecessor-version":[{"id":13819,"href":"https:\/\/celilabadadpu.edu.az\/index.php?rest_route=\/wp\/v2\/pages\/12468\/revisions\/13819"}],"wp:attachment":[{"href":"https:\/\/celilabadadpu.edu.az\/index.php?rest_route=%2Fwp%2Fv2%2Fmedia&parent=12468"}],"curies":[{"name":"wp","href":"https:\/\/api.w.org\/{rel}","templated":true}]}}