{"id":12492,"date":"2022-10-24T07:42:03","date_gmt":"2022-10-24T07:42:03","guid":{"rendered":"https:\/\/celilabadadpu.edu.az\/?page_id=12492"},"modified":"2024-10-05T06:59:10","modified_gmt":"2024-10-05T06:59:10","slug":"t%c9%99l%c9%99b%c9%99-elmi-c%c9%99miyy%c9%99ti","status":"publish","type":"page","link":"https:\/\/celilabadadpu.edu.az\/?page_id=12492","title":{"rendered":"T\u0259l\u0259b\u0259 Elmi C\u0259miyy\u0259ti"},"content":{"rendered":"<p>[vc_row][vc_column][vc_empty_space][vc_column_text]Az\u0259rbaycan D\u00f6vl\u0259t Pedaqoji Universitetinin (ADPU) C\u0259lilabad filial\u0131nda T\u0259l\u0259b\u0259 Elmi C\u0259miyy\u0259ti (TEC) Az\u0259rbaycan M\u00fc\u0259lliml\u0259r \u0130nstitutunun Elmi \u015euras\u0131n\u0131n 29 oktyabr 2005-ci il tarixli q\u0259rar\u0131 il\u0259 yarad\u0131lm\u0131\u015fd\u0131r. Az\u0259rbaycan D\u00f6vl\u0259t Pedaqoji Universitetinin C\u0259lilabad filial\u0131nda T\u0259l\u0259b\u0259 Elmi C\u0259miyy\u0259ti t\u0259l\u0259b\u0259l\u0259rin elmi-t\u0259dqiqat v\u0259 elmi-praktiki i\u015finin t\u0259\u015fkili v\u0259 koordinasiyas\u0131 \u00fc\u00e7\u00fcn yarad\u0131lm\u0131\u015f v\u0259 \u00f6z f\u0259aliyy\u0259tini alim v\u0259 m\u00fc\u0259lliml\u0259rin i\u015ftirak\u0131 il\u0259 h\u0259yata ke\u00e7ir\u0259n t\u0259l\u0259b\u0259 birliyidir. T\u0259l\u0259b\u0259 Elmi C\u0259miyy\u0259tinin yarad\u0131lmas\u0131nda h\u0259m t\u0259l\u0259b\u0259l\u0259rin t\u0259\u015f\u0259bb\u00fcs\u00fc, onlar\u0131n f\u0259al v\u0259t\u0259nda\u015f m\u00f6vqeyi v\u0259 elm\u0259 mara\u011f\u0131, h\u0259m d\u0259 bu c\u00fcr t\u0259l\u0259b\u0259 birliyinin f\u0259aliyy\u0259ti \u00fc\u00e7\u00fcn b\u00fct\u00fcn laz\u0131mi \u015f\u0259raiti yaradan universitet r\u0259hb\u0259rliyi \u0259h\u0259miyy\u0259tli rol oynam\u0131\u015fd\u0131r.<br \/>\nFilialda elmi t\u0259dqiqat i\u015fi fasil\u0259siz v\u0259 sistemli \u015f\u0259kild\u0259 t\u0259\u015fkil edilir. T\u0259l\u0259b\u0259l\u0259rin m\u0259qal\u0259, m\u0259ruz\u0259 v\u0259 tezisl\u0259rinin haz\u0131rlanmas\u0131, el\u0259c\u0259 d\u0259 filial\u0131n, ADPU-nun v\u0259 dig\u0259r m\u00fc\u0259ssis\u0259l\u0259rin konfrans, elmi seminar, olimpiada v\u0259 m\u00fcxt\u0259lif s\u0259pgili m\u00fcsabiq\u0259l\u0259rind\u0259 i\u015ftirak\u0131 t\u0259min edilir. Bununla yana\u015f\u0131, t\u0259dris ilinin \u0259vv\u0259lind\u0259 elmi t\u0259dqiqat i\u015fi aparan t\u0259l\u0259b\u0259y\u0259 elmi r\u0259hb\u0259r t\u0259yin edilir v\u0259 m\u00fct\u0259madi olaraq, kafedralarda m\u00fczakir\u0259l\u0259ri t\u0259\u015fkil edilir.<br \/>\nTEC s\u0259dri h\u0259r il t\u0259dris ilinin filial\u0131n Elmi \u015euras\u0131 qar\u015f\u0131s\u0131nda hesabat verir.<br \/>\nFilial\u0131n TEC-i dig\u0259r ali t\u0259hsil m\u00fc\u0259ssis\u0259l\u0259rinin t\u0259\u015fkil etdiyi TEC konfranslar\u0131nda i\u015ftirak edir.<br \/>\nElmi t\u0259dqiqat i\u015fi aparan bir \u00e7ox t\u0259l\u0259b\u0259l\u0259rin m\u0259qal\u0259l\u0259ri ke\u00e7iril\u0259n konfranslar\u0131n materiallar\u0131nda n\u0259\u015fr edilir.[\/vc_column_text][\/vc_column][\/vc_row]<\/p>\n","protected":false},"excerpt":{"rendered":"<p>[vc_row][vc_column][vc_empty_space][vc_column_text]Az\u0259rbaycan D\u00f6vl\u0259t Pedaqoji Universitetinin (ADPU) C\u0259lilabad filial\u0131nda T\u0259l\u0259b\u0259 Elmi C\u0259miyy\u0259ti (TEC) Az\u0259rbaycan M\u00fc\u0259lliml\u0259r \u0130nstitutunun Elmi \u015euras\u0131n\u0131n 29 oktyabr 2005-ci il tarixli q\u0259rar\u0131 il\u0259 yarad\u0131lm\u0131\u015fd\u0131r. Az\u0259rbaycan D\u00f6vl\u0259t Pedaqoji Universitetinin C\u0259lilabad filial\u0131nda T\u0259l\u0259b\u0259 Elmi C\u0259miyy\u0259ti t\u0259l\u0259b\u0259l\u0259rin elmi-t\u0259dqiqat v\u0259 elmi-praktiki i\u015finin t\u0259\u015fkili v\u0259 koordinasiyas\u0131 \u00fc\u00e7\u00fcn yarad\u0131lm\u0131\u015f v\u0259 \u00f6z f\u0259aliyy\u0259tini alim v\u0259 m\u00fc\u0259lliml\u0259rin i\u015ftirak\u0131 il\u0259 h\u0259yata ke\u00e7ir\u0259n t\u0259l\u0259b\u0259 birliyidir. [&hellip;]<\/p>\n","protected":false},"author":1,"featured_media":13554,"parent":0,"menu_order":0,"comment_status":"closed","ping_status":"closed","template":"","meta":{"_acf_changed":false,"_monsterinsights_skip_tracking":false,"_monsterinsights_sitenote_active":false,"_monsterinsights_sitenote_note":"","_monsterinsights_sitenote_category":0,"footnotes":""},"class_list":["post-12492","page","type-page","status-publish","has-post-thumbnail","hentry"],"acf":[],"aioseo_notices":[],"_links":{"self":[{"href":"https:\/\/celilabadadpu.edu.az\/index.php?rest_route=\/wp\/v2\/pages\/12492","targetHints":{"allow":["GET"]}}],"collection":[{"href":"https:\/\/celilabadadpu.edu.az\/index.php?rest_route=\/wp\/v2\/pages"}],"about":[{"href":"https:\/\/celilabadadpu.edu.az\/index.php?rest_route=\/wp\/v2\/types\/page"}],"author":[{"embeddable":true,"href":"https:\/\/celilabadadpu.edu.az\/index.php?rest_route=\/wp\/v2\/users\/1"}],"replies":[{"embeddable":true,"href":"https:\/\/celilabadadpu.edu.az\/index.php?rest_route=%2Fwp%2Fv2%2Fcomments&post=12492"}],"version-history":[{"count":4,"href":"https:\/\/celilabadadpu.edu.az\/index.php?rest_route=\/wp\/v2\/pages\/12492\/revisions"}],"predecessor-version":[{"id":13776,"href":"https:\/\/celilabadadpu.edu.az\/index.php?rest_route=\/wp\/v2\/pages\/12492\/revisions\/13776"}],"wp:featuredmedia":[{"embeddable":true,"href":"https:\/\/celilabadadpu.edu.az\/index.php?rest_route=\/wp\/v2\/media\/13554"}],"wp:attachment":[{"href":"https:\/\/celilabadadpu.edu.az\/index.php?rest_route=%2Fwp%2Fv2%2Fmedia&parent=12492"}],"curies":[{"name":"wp","href":"https:\/\/api.w.org\/{rel}","templated":true}]}}