{"id":12496,"date":"2022-10-24T07:42:44","date_gmt":"2022-10-24T07:42:44","guid":{"rendered":"https:\/\/celilabadadpu.edu.az\/?page_id=12496"},"modified":"2024-10-07T10:11:29","modified_gmt":"2024-10-07T10:11:29","slug":"t%c9%99l%c9%99b%c9%99-h%c9%99mkarlar-t%c9%99skilati","status":"publish","type":"page","link":"https:\/\/celilabadadpu.edu.az\/?page_id=12496","title":{"rendered":"T\u0259l\u0259b\u0259 H\u0259mkarlar T\u0259\u015fkilat\u0131"},"content":{"rendered":"<p>Az\u0259rbaycan D\u00f6vl\u0259t Pedaqoji Universteti C\u0259lilabad filial\u0131 T\u0259l\u0259b\u0259 H\u0259mkarlar \u0130ttifaq\u0131 Komit\u0259si 2000-ci ild\u0259n f\u0259aliyy\u0259t\u0259 ba\u015flam\u0131\u015fd\u0131r.TH\u0130K t\u0259l\u0259b\u0259 g\u0259ncl\u0259rin sosial probleml\u0259rinin h\u0259lli ,m\u00fcalic\u0259 v\u0259 istirah\u0259tl\u0259rinin t\u0259\u015fkili istiqam\u0259tind\u0259 t\u0259dbirl\u0259r h\u0259yata ke\u00e7irir.H\u0259r il t\u0259l\u0259b\u0259l\u0259rin sosial durumlar\u0131n\u0131 yax\u015f\u0131la\u015fd\u0131rmaq \u00fc\u00e7\u00fcn m\u00fc\u0259yy\u0259n sayda t\u0259l\u0259b\u0259y\u0259 t\u0259qa\u00fcdl\u0259r verilir.TH\u0130K m\u0259d\u0259ni-k\u00fctl\u0259vi t\u0259dbirl\u0259r h\u0259yata ke\u00e7irir. TH\u0130K Filial\u0131n daxilind\u0259 nizam-intizam qaydalar\u0131n\u0131 yax\u015f\u0131la\u015fd\u0131rmaq \u00fc\u00e7\u00fcn s\u0259y g\u00f6st\u0259rir.<\/p>\n<p>S\u0259dr : Qurbanov M\u0259h\u0259mm\u0259d<\/p>\n<p>S\u0259dr m\u00fcavini : \u018fzizov Rahim<\/p>\n","protected":false},"excerpt":{"rendered":"<p>Az\u0259rbaycan D\u00f6vl\u0259t Pedaqoji Universteti C\u0259lilabad filial\u0131 T\u0259l\u0259b\u0259 H\u0259mkarlar \u0130ttifaq\u0131 Komit\u0259si 2000-ci ild\u0259n f\u0259aliyy\u0259t\u0259 ba\u015flam\u0131\u015fd\u0131r.TH\u0130K t\u0259l\u0259b\u0259 g\u0259ncl\u0259rin sosial probleml\u0259rinin h\u0259lli ,m\u00fcalic\u0259 v\u0259 istirah\u0259tl\u0259rinin t\u0259\u015fkili istiqam\u0259tind\u0259 t\u0259dbirl\u0259r h\u0259yata ke\u00e7irir.H\u0259r il t\u0259l\u0259b\u0259l\u0259rin sosial durumlar\u0131n\u0131 yax\u015f\u0131la\u015fd\u0131rmaq \u00fc\u00e7\u00fcn m\u00fc\u0259yy\u0259n sayda t\u0259l\u0259b\u0259y\u0259 t\u0259qa\u00fcdl\u0259r verilir.TH\u0130K m\u0259d\u0259ni-k\u00fctl\u0259vi t\u0259dbirl\u0259r h\u0259yata ke\u00e7irir. TH\u0130K Filial\u0131n daxilind\u0259 nizam-intizam qaydalar\u0131n\u0131 yax\u015f\u0131la\u015fd\u0131rmaq \u00fc\u00e7\u00fcn s\u0259y g\u00f6st\u0259rir. S\u0259dr : Qurbanov M\u0259h\u0259mm\u0259d [&hellip;]<\/p>\n","protected":false},"author":1,"featured_media":0,"parent":0,"menu_order":0,"comment_status":"closed","ping_status":"closed","template":"","meta":{"_acf_changed":false,"_monsterinsights_skip_tracking":false,"_monsterinsights_sitenote_active":false,"_monsterinsights_sitenote_note":"","_monsterinsights_sitenote_category":0,"footnotes":""},"class_list":["post-12496","page","type-page","status-publish","hentry"],"acf":[],"aioseo_notices":[],"_links":{"self":[{"href":"https:\/\/celilabadadpu.edu.az\/index.php?rest_route=\/wp\/v2\/pages\/12496","targetHints":{"allow":["GET"]}}],"collection":[{"href":"https:\/\/celilabadadpu.edu.az\/index.php?rest_route=\/wp\/v2\/pages"}],"about":[{"href":"https:\/\/celilabadadpu.edu.az\/index.php?rest_route=\/wp\/v2\/types\/page"}],"author":[{"embeddable":true,"href":"https:\/\/celilabadadpu.edu.az\/index.php?rest_route=\/wp\/v2\/users\/1"}],"replies":[{"embeddable":true,"href":"https:\/\/celilabadadpu.edu.az\/index.php?rest_route=%2Fwp%2Fv2%2Fcomments&post=12496"}],"version-history":[{"count":6,"href":"https:\/\/celilabadadpu.edu.az\/index.php?rest_route=\/wp\/v2\/pages\/12496\/revisions"}],"predecessor-version":[{"id":13814,"href":"https:\/\/celilabadadpu.edu.az\/index.php?rest_route=\/wp\/v2\/pages\/12496\/revisions\/13814"}],"wp:attachment":[{"href":"https:\/\/celilabadadpu.edu.az\/index.php?rest_route=%2Fwp%2Fv2%2Fmedia&parent=12496"}],"curies":[{"name":"wp","href":"https:\/\/api.w.org\/{rel}","templated":true}]}}