{"id":13748,"date":"2024-10-05T05:07:41","date_gmt":"2024-10-05T05:07:41","guid":{"rendered":"https:\/\/celilabadadpu.edu.az\/?page_id=13748"},"modified":"2024-10-05T06:37:17","modified_gmt":"2024-10-05T06:37:17","slug":"kafedralar","status":"publish","type":"page","link":"https:\/\/celilabadadpu.edu.az\/?page_id=13748","title":{"rendered":"Kafedralar"},"content":{"rendered":"<p>[vc_row][vc_column]<div  class=\"themesion-element themesion-element-blog thsn-element-blog-style-3 themesion-element-viewtype-row-column thsn-sortable-no\" data-show=\"3\" data-columns=\"3\" data-loop=\"false\" data-autoplay=\"false\" data-center=\"false\" data-nav=\"false\" data-dots=\"false\" data-autoplayspeed=\"1000\" data-margin=\"\"><div class=\"themesion-element-inner\"><div class=\"thsn-ele-header-area\"><\/div><div class=\"thsn-element-posts-wrapper row multi-columns-row\"><div class=\"thsn-ele thsn-blog-ele col-md-4 kafedralar\"><article class=\"themesion-ele themesion-ele-blog thsn-blogbox-style-3 post-13757 post type-post status-publish format-standard has-post-thumbnail hentry category-kafedralar\">\r\n\t<div class=\"post-item\">\r\n\t\t<div class=\"thsn-featured-container\">\r\n\t\t\t<div class=\"thsn-featured-wrapper\"><a href=\"https:\/\/celilabadadpu.edu.az\/?p=13757\"><img loading=\"lazy\" decoding=\"async\" width=\"770\" height=\"500\" src=\"https:\/\/celilabadadpu.edu.az\/wp-content\/uploads\/2022\/10\/poster_event_1482236-770x500.jpg\" class=\"attachment-thsn-img-770x500 size-thsn-img-770x500 wp-post-image\" alt=\"\" data-id=\"12388\" \/><\/a><\/div>\t\t\t<div class=\"thsn-meta-category\"><a href=\"https:\/\/celilabadadpu.edu.az\/?cat=35\" rel=\"category\">Kafedralar<\/a><\/div>\t\t\t\r\n\t\t<\/div>\r\n\t\t<div class=\"themesion-box-content\">\t\t\t\t\r\n\t\t\t<h3 class=\"thsn-post-title\"><a href=\"https:\/\/celilabadadpu.edu.az\/?p=13757\">T\u0259bi\u0259t v\u0259 sosial elml\u0259r, onlar\u0131n t\u0259drisi texnologiyas\u0131 kafedras\u0131<\/a><\/h3>\r\n\t\t\t <div class=\"themesion-box-desc\">\r\n\t\t\t\t<div class=\"themesion-box-desc-text\">\r\n\t\t\t\t\t[vc_row][vc_column][vc_column_text]\u201cT\u018fB\u0130\u018fT V\u018f SOS\u0130AL ELML\u018fR V\u018f ONLARIN T\u018fDR\u0130S\u0130 TEXNOLOG\u0130YASI\u201d KAFEDRASI Kafedra 3 elml\u0259r namiz\u0259di olmaqla 21 m\u00fc\u0259llim (9 n\u0259f\u0259r ba\u015f m\u00fc\u0259llim) hey\u0259tind\u0259n ibar\u0259tdir. Kafedra ADPU C\u0259lilabad filial\u0131n\u0131n i\u015f plan\u0131ndan v\u0259 S\u0130P-d\u0259n&hellip; \r\n\t\t\t\t<\/div>\t\t\t\t\r\n\t\t\t<\/div>\r\n\t\t\t<div class=\"thsn-meta-container\">\r\n\t\t\t\t<div class=\"thsn-meta-author-wrapper thsn-meta-line\">\t\t\t\t\t\r\n\t\t\t\t\t<a href=\"https:\/\/celilabadadpu.edu.az\/?author=3\" title=\"Posted by Adpu Celilabad\" rel=\"author\"><i class=\"thsn-base-icon-user\"><\/i> by Adpu Celilabad<\/a>\r\n\t\t\t\t<\/div>\r\n\t\t\t\t<div class=\"thsn-meta-date-wrapper thsn-meta-line\">\t\t\t\t\t\r\n\t\t\t\t\t<div class=\"thsn-meta-date\"><i class=\"thsn-base-icon-calendar-1\"><\/i> 05 Okt, 2024<\/div>\r\n\t\t\t\t<\/div>\r\n\t\t\t\t<div class=\"thsn-meta-date-wrapper thsn-meta-line\">\t\r\n\t\t\t\t\t<i class=\"thsn-base-icon-comment-empty\"><\/i> <span class=\"thsn-meta thsn-meta-comments\">0<\/span> Comment\r\n\t\t\t\t<\/div>\r\n\t\t\t\t\t\t\t\t\r\n\t\t\t\t\t\t\t<\/div>\r\n\t\t<\/div>\r\n\t<\/div>\r\n<\/article><\/div><div class=\"thsn-ele thsn-blog-ele col-md-4 kafedralar\"><article class=\"themesion-ele themesion-ele-blog thsn-blogbox-style-3 post-13755 post type-post status-publish format-standard has-post-thumbnail hentry category-kafedralar\">\r\n\t<div class=\"post-item\">\r\n\t\t<div class=\"thsn-featured-container\">\r\n\t\t\t<div class=\"thsn-featured-wrapper\"><a href=\"https:\/\/celilabadadpu.edu.az\/?p=13755\"><img loading=\"lazy\" decoding=\"async\" width=\"770\" height=\"500\" src=\"https:\/\/celilabadadpu.edu.az\/wp-content\/uploads\/2022\/10\/b2d70a3e847a670e2904d6707198334d-770x500.jpg\" class=\"attachment-thsn-img-770x500 size-thsn-img-770x500 wp-post-image\" alt=\"\" data-id=\"12385\" \/><\/a><\/div>\t\t\t<div class=\"thsn-meta-category\"><a href=\"https:\/\/celilabadadpu.edu.az\/?cat=35\" rel=\"category\">Kafedralar<\/a><\/div>\t\t\t\r\n\t\t<\/div>\r\n\t\t<div class=\"themesion-box-content\">\t\t\t\t\r\n\t\t\t<h3 class=\"thsn-post-title\"><a href=\"https:\/\/celilabadadpu.edu.az\/?p=13755\">Dil-\u0259d\u0259biyyat, pedaqoji elml\u0259r v\u0259 onlar\u0131n t\u0259drisi texnologiyas\u0131 kafedras\u0131<\/a><\/h3>\r\n\t\t\t <div class=\"themesion-box-desc\">\r\n\t\t\t\t<div class=\"themesion-box-desc-text\">\r\n\t\t\t\t\t&nbsp; ADPU \u2013nun C\u0259lilabad filial\u0131n\u0131n \u201c Dil-\u0259d\u0259biyyat, pedaqoji elml\u0259r v\u0259 onlar\u0131n t\u0259drisi texnologiyas\u0131\u201d kafedras\u0131n\u0131n professor \u2013 m\u00fc\u0259llim hey\u0259tinin \u00fcz\u0259rin\u0259 m\u00fchim v\u0259zif\u0259l\u0259r d\u00fc\u015f\u00fcr. Onlar innovasiyadan, yeni t\u0259lim texnologiyalar\u0131ndan, interaktiv t\u0259lim metodlar\u0131ndan&hellip; \r\n\t\t\t\t<\/div>\t\t\t\t\r\n\t\t\t<\/div>\r\n\t\t\t<div class=\"thsn-meta-container\">\r\n\t\t\t\t<div class=\"thsn-meta-author-wrapper thsn-meta-line\">\t\t\t\t\t\r\n\t\t\t\t\t<a href=\"https:\/\/celilabadadpu.edu.az\/?author=3\" title=\"Posted by Adpu Celilabad\" rel=\"author\"><i class=\"thsn-base-icon-user\"><\/i> by Adpu Celilabad<\/a>\r\n\t\t\t\t<\/div>\r\n\t\t\t\t<div class=\"thsn-meta-date-wrapper thsn-meta-line\">\t\t\t\t\t\r\n\t\t\t\t\t<div class=\"thsn-meta-date\"><i class=\"thsn-base-icon-calendar-1\"><\/i> 05 Okt, 2024<\/div>\r\n\t\t\t\t<\/div>\r\n\t\t\t\t<div class=\"thsn-meta-date-wrapper thsn-meta-line\">\t\r\n\t\t\t\t\t<i class=\"thsn-base-icon-comment-empty\"><\/i> <span class=\"thsn-meta thsn-meta-comments\">0<\/span> Comment\r\n\t\t\t\t<\/div>\r\n\t\t\t\t\t\t\t\t\r\n\t\t\t\t\t\t\t<\/div>\r\n\t\t<\/div>\r\n\t<\/div>\r\n<\/article><\/div><\/div><\/div><!-- .themesion-element-inner -->   <\/div><!-- .themesion-element -->  [\/vc_column][\/vc_row]<\/p>\n","protected":false},"excerpt":{"rendered":"<p>[vc_row][vc_column][\/vc_column][\/vc_row]<\/p>\n","protected":false},"author":3,"featured_media":0,"parent":0,"menu_order":0,"comment_status":"closed","ping_status":"closed","template":"","meta":{"_acf_changed":false,"_monsterinsights_skip_tracking":false,"_monsterinsights_sitenote_active":false,"_monsterinsights_sitenote_note":"","_monsterinsights_sitenote_category":0,"footnotes":""},"class_list":["post-13748","page","type-page","status-publish","hentry"],"acf":[],"aioseo_notices":[],"_links":{"self":[{"href":"https:\/\/celilabadadpu.edu.az\/index.php?rest_route=\/wp\/v2\/pages\/13748","targetHints":{"allow":["GET"]}}],"collection":[{"href":"https:\/\/celilabadadpu.edu.az\/index.php?rest_route=\/wp\/v2\/pages"}],"about":[{"href":"https:\/\/celilabadadpu.edu.az\/index.php?rest_route=\/wp\/v2\/types\/page"}],"author":[{"embeddable":true,"href":"https:\/\/celilabadadpu.edu.az\/index.php?rest_route=\/wp\/v2\/users\/3"}],"replies":[{"embeddable":true,"href":"https:\/\/celilabadadpu.edu.az\/index.php?rest_route=%2Fwp%2Fv2%2Fcomments&post=13748"}],"version-history":[{"count":5,"href":"https:\/\/celilabadadpu.edu.az\/index.php?rest_route=\/wp\/v2\/pages\/13748\/revisions"}],"predecessor-version":[{"id":13759,"href":"https:\/\/celilabadadpu.edu.az\/index.php?rest_route=\/wp\/v2\/pages\/13748\/revisions\/13759"}],"wp:attachment":[{"href":"https:\/\/celilabadadpu.edu.az\/index.php?rest_route=%2Fwp%2Fv2%2Fmedia&parent=13748"}],"curies":[{"name":"wp","href":"https:\/\/api.w.org\/{rel}","templated":true}]}}