{"id":13763,"date":"2024-10-05T06:44:19","date_gmt":"2024-10-05T06:44:19","guid":{"rendered":"https:\/\/celilabadadpu.edu.az\/?page_id=13763"},"modified":"2024-10-05T07:04:12","modified_gmt":"2024-10-05T07:04:12","slug":"sob%c9%99l%c9%99r","status":"publish","type":"page","link":"https:\/\/celilabadadpu.edu.az\/?page_id=13763","title":{"rendered":"\u015e\u00f6b\u0259l\u0259r"},"content":{"rendered":"<p>[vc_row][vc_column]<div  class=\"themesion-element themesion-element-service thsn-element-service-style-4 themesion-element-viewtype-row-column thsn-sortable-no\" data-show=\"-1\" data-columns=\"3\" data-loop=\"false\" data-autoplay=\"false\" data-center=\"false\" data-nav=\"false\" data-dots=\"false\" data-autoplayspeed=\"1000\" data-margin=\"\"><div class=\"themesion-element-inner\"><div class=\"thsn-ele-header-area\"><\/div><div class=\"thsn-element-posts-wrapper row multi-columns-row\"><div class=\"thsn-ele thsn-service-ele col-md-4 sob%c9%99l%c9%99r\"><article class=\"themesion-ele themesion-ele-service thsn-service-style-4\">\r\n\t<div class=\"themesion-post-item\">\t\t\t  \r\n\t\t<div class=\"thsn-featured-wrapper\"><a href=\"https:\/\/celilabadadpu.edu.az\/?thsn-service=elmi-t%c9%99dqiqat-v%c9%99-innovasiyalar-sob%c9%99si\"><img loading=\"lazy\" decoding=\"async\" width=\"770\" height=\"500\" src=\"https:\/\/celilabadadpu.edu.az\/wp-content\/uploads\/2024\/03\/IMG-20240329-WA0095-770x500.jpg\" class=\"attachment-thsn-img-770x500 size-thsn-img-770x500 wp-post-image\" alt=\"\" data-id=\"13529\" \/><\/a><\/div>\t\r\n\t\t<div class=\"themesion-box-content\">\t\t\t\t\t\t\r\n\t\t\t<div class=\"themesion-box-content-inner\">\r\n\t\t\t\t<div class=\"thsn-service-icon\">\r\n\t\t\t\t\t<div class=\"thsn-service-icon-wrapper\">\r\n\t\t\t\t\t\t<i class=\"fa fa-bars\"><\/i>\t\t\t\t\t<\/div>\r\n\t\t\t\t<\/div>\r\n\t\t\t\t<h3 class=\"thsn-service-title\"><a href=\"https:\/\/celilabadadpu.edu.az\/?thsn-service=elmi-t%c9%99dqiqat-v%c9%99-innovasiyalar-sob%c9%99si\">Elm  v\u0259 \u0130nnovasiyalar \u015f\u00f6b\u0259si<\/a><\/h3> \r\n\t\t\t<\/div>\r\n\t\t<\/div>\r\n\t<\/div>\r\n<\/article>\r\n<\/div><div class=\"thsn-ele thsn-service-ele col-md-4 sob%c9%99l%c9%99r\"><article class=\"themesion-ele themesion-ele-service thsn-service-style-4\">\r\n\t<div class=\"themesion-post-item\">\t\t\t  \r\n\t\t<div class=\"thsn-featured-wrapper\"><a href=\"https:\/\/celilabadadpu.edu.az\/?thsn-service=t%c9%99dbirl%c9%99rin-t%c9%99skili-v%c9%99-t%c9%99l%c9%99bl%c9%99rl%c9%99-is-sob%c9%99si\"><img loading=\"lazy\" decoding=\"async\" width=\"770\" height=\"500\" src=\"https:\/\/celilabadadpu.edu.az\/wp-content\/uploads\/2024\/10\/IMG-20240926-WA0116-770x500.jpg\" class=\"attachment-thsn-img-770x500 size-thsn-img-770x500 wp-post-image\" alt=\"\" data-id=\"13715\" \/><\/a><\/div>\t\r\n\t\t<div class=\"themesion-box-content\">\t\t\t\t\t\t\r\n\t\t\t<div class=\"themesion-box-content-inner\">\r\n\t\t\t\t<div class=\"thsn-service-icon\">\r\n\t\t\t\t\t<div class=\"thsn-service-icon-wrapper\">\r\n\t\t\t\t\t\t<i class=\"fa fa-bars\"><\/i>\t\t\t\t\t<\/div>\r\n\t\t\t\t<\/div>\r\n\t\t\t\t<h3 class=\"thsn-service-title\"><a href=\"https:\/\/celilabadadpu.edu.az\/?thsn-service=t%c9%99dbirl%c9%99rin-t%c9%99skili-v%c9%99-t%c9%99l%c9%99bl%c9%99rl%c9%99-is-sob%c9%99si\">T\u0259dbirl\u0259rin T\u0259\u015fkili v\u0259 T\u0259l\u0259b\u0259l\u0259rl\u0259 \u0130\u015f \u015f\u00f6b\u0259si<\/a><\/h3> \r\n\t\t\t<\/div>\r\n\t\t<\/div>\r\n\t<\/div>\r\n<\/article>\r\n<\/div><div class=\"thsn-ele thsn-service-ele col-md-4 sob%c9%99l%c9%99r\"><article class=\"themesion-ele themesion-ele-service thsn-service-style-4\">\r\n\t<div class=\"themesion-post-item\">\t\t\t  \r\n\t\t<div class=\"thsn-featured-wrapper\"><a href=\"https:\/\/celilabadadpu.edu.az\/?thsn-service=cosmetic-dentistry\"><img loading=\"lazy\" decoding=\"async\" width=\"770\" height=\"500\" src=\"https:\/\/celilabadadpu.edu.az\/wp-content\/uploads\/2018\/12\/1048826666_0_96_3107_2048_1920x0_80_0_0_a23c06c9097aafadfa9e4c0beeb41c1e-770x500.jpg\" class=\"attachment-thsn-img-770x500 size-thsn-img-770x500 wp-post-image\" alt=\"\" data-id=\"12358\" \/><\/a><\/div>\t\r\n\t\t<div class=\"themesion-box-content\">\t\t\t\t\t\t\r\n\t\t\t<div class=\"themesion-box-content-inner\">\r\n\t\t\t\t<div class=\"thsn-service-icon\">\r\n\t\t\t\t\t<div class=\"thsn-service-icon-wrapper\">\r\n\t\t\t\t\t\t<i class=\"fa fa-bars\"><\/i>\t\t\t\t\t<\/div>\r\n\t\t\t\t<\/div>\r\n\t\t\t\t<h3 class=\"thsn-service-title\"><a href=\"https:\/\/celilabadadpu.edu.az\/?thsn-service=cosmetic-dentistry\">T\u0259l\u0259b\u0259 v\u0259 t\u0259drisin idar\u0259 olunmas\u0131<\/a><\/h3> \r\n\t\t\t<\/div>\r\n\t\t<\/div>\r\n\t<\/div>\r\n<\/article>\r\n<\/div><div class=\"thsn-ele thsn-service-ele col-md-4 sob%c9%99l%c9%99r\"><article class=\"themesion-ele themesion-ele-service thsn-service-style-4\">\r\n\t<div class=\"themesion-post-item\">\t\t\t  \r\n\t\t<div class=\"thsn-featured-wrapper\"><a href=\"https:\/\/celilabadadpu.edu.az\/?thsn-service=dental-implants\"><img loading=\"lazy\" decoding=\"async\" width=\"770\" height=\"500\" src=\"https:\/\/celilabadadpu.edu.az\/wp-content\/uploads\/2018\/10\/2795074157-770x500.jpg\" class=\"attachment-thsn-img-770x500 size-thsn-img-770x500 wp-post-image\" alt=\"\" data-id=\"12360\" \/><\/a><\/div>\t\r\n\t\t<div class=\"themesion-box-content\">\t\t\t\t\t\t\r\n\t\t\t<div class=\"themesion-box-content-inner\">\r\n\t\t\t\t<div class=\"thsn-service-icon\">\r\n\t\t\t\t\t<div class=\"thsn-service-icon-wrapper\">\r\n\t\t\t\t\t\t<i class=\"fa fa-bars\"><\/i>\t\t\t\t\t<\/div>\r\n\t\t\t\t<\/div>\r\n\t\t\t\t<h3 class=\"thsn-service-title\"><a href=\"https:\/\/celilabadadpu.edu.az\/?thsn-service=dental-implants\">Keyfiyy\u0259tin t\u0259minat\u0131 \u015f\u00f6b\u0259si<\/a><\/h3> \r\n\t\t\t<\/div>\r\n\t\t<\/div>\r\n\t<\/div>\r\n<\/article>\r\n<\/div><div class=\"thsn-ele thsn-service-ele col-md-4 sob%c9%99l%c9%99r\"><article class=\"themesion-ele themesion-ele-service thsn-service-style-4\">\r\n\t<div class=\"themesion-post-item\">\t\t\t  \r\n\t\t<div class=\"thsn-featured-wrapper\"><a href=\"https:\/\/celilabadadpu.edu.az\/?thsn-service=orthodontics\"><img loading=\"lazy\" decoding=\"async\" width=\"770\" height=\"500\" src=\"https:\/\/celilabadadpu.edu.az\/wp-content\/uploads\/2018\/10\/1914_spetsialist-po-elektronnym-torgam-770x500.jpg\" class=\"attachment-thsn-img-770x500 size-thsn-img-770x500 wp-post-image\" alt=\"\" data-id=\"12364\" \/><\/a><\/div>\t\r\n\t\t<div class=\"themesion-box-content\">\t\t\t\t\t\t\r\n\t\t\t<div class=\"themesion-box-content-inner\">\r\n\t\t\t\t<div class=\"thsn-service-icon\">\r\n\t\t\t\t\t<div class=\"thsn-service-icon-wrapper\">\r\n\t\t\t\t\t\t<i class=\"fa fa-bars\"><\/i>\t\t\t\t\t<\/div>\r\n\t\t\t\t<\/div>\r\n\t\t\t\t<h3 class=\"thsn-service-title\"><a href=\"https:\/\/celilabadadpu.edu.az\/?thsn-service=orthodontics\">\u0130nsan resurslar\u0131 v\u0259 karg\u00fczarl\u0131q \u015f\u00f6b\u0259si<\/a><\/h3> \r\n\t\t\t<\/div>\r\n\t\t<\/div>\r\n\t<\/div>\r\n<\/article>\r\n<\/div><div class=\"thsn-ele thsn-service-ele col-md-4 sob%c9%99l%c9%99r\"><article class=\"themesion-ele themesion-ele-service thsn-service-style-4\">\r\n\t<div class=\"themesion-post-item\">\t\t\t  \r\n\t\t<div class=\"thsn-featured-wrapper\"><a href=\"https:\/\/celilabadadpu.edu.az\/?thsn-service=teeth-whitening\"><img loading=\"lazy\" decoding=\"async\" width=\"770\" height=\"500\" src=\"https:\/\/celilabadadpu.edu.az\/wp-content\/uploads\/2018\/10\/01-workplace-stress-one-thing-770x500.jpg\" class=\"attachment-thsn-img-770x500 size-thsn-img-770x500 wp-post-image\" alt=\"\" data-id=\"12367\" \/><\/a><\/div>\t\r\n\t\t<div class=\"themesion-box-content\">\t\t\t\t\t\t\r\n\t\t\t<div class=\"themesion-box-content-inner\">\r\n\t\t\t\t<div class=\"thsn-service-icon\">\r\n\t\t\t\t\t<div class=\"thsn-service-icon-wrapper\">\r\n\t\t\t\t\t\t<i class=\"fa fa-bars\"><\/i>\t\t\t\t\t<\/div>\r\n\t\t\t\t<\/div>\r\n\t\t\t\t<h3 class=\"thsn-service-title\"><a href=\"https:\/\/celilabadadpu.edu.az\/?thsn-service=teeth-whitening\">Xidm\u0259t \u015f\u00f6b\u0259si<\/a><\/h3> \r\n\t\t\t<\/div>\r\n\t\t<\/div>\r\n\t<\/div>\r\n<\/article>\r\n<\/div><div class=\"thsn-ele thsn-service-ele col-md-4 sob%c9%99l%c9%99r\"><article class=\"themesion-ele themesion-ele-service thsn-service-style-4\">\r\n\t<div class=\"themesion-post-item\">\t\t\t  \r\n\t\t<div class=\"thsn-featured-wrapper\"><a href=\"https:\/\/celilabadadpu.edu.az\/?thsn-service=teeth-cleaning\"><img loading=\"lazy\" decoding=\"async\" width=\"770\" height=\"500\" src=\"https:\/\/celilabadadpu.edu.az\/wp-content\/uploads\/2018\/10\/kkkkkkkkkkkkk-770x500.jpg\" class=\"attachment-thsn-img-770x500 size-thsn-img-770x500 wp-post-image\" alt=\"\" data-id=\"12370\" \/><\/a><\/div>\t\r\n\t\t<div class=\"themesion-box-content\">\t\t\t\t\t\t\r\n\t\t\t<div class=\"themesion-box-content-inner\">\r\n\t\t\t\t<div class=\"thsn-service-icon\">\r\n\t\t\t\t\t<div class=\"thsn-service-icon-wrapper\">\r\n\t\t\t\t\t\t<i class=\"fa fa-bars\"><\/i>\t\t\t\t\t<\/div>\r\n\t\t\t\t<\/div>\r\n\t\t\t\t<h3 class=\"thsn-service-title\"><a href=\"https:\/\/celilabadadpu.edu.az\/?thsn-service=teeth-cleaning\">Kitabxana v\u0259 elektron resurslar \u015f\u00f6b\u0259si<\/a><\/h3> \r\n\t\t\t<\/div>\r\n\t\t<\/div>\r\n\t<\/div>\r\n<\/article>\r\n<\/div><div class=\"thsn-ele thsn-service-ele col-md-4 sob%c9%99l%c9%99r\"><article class=\"themesion-ele themesion-ele-service thsn-service-style-4\">\r\n\t<div class=\"themesion-post-item\">\t\t\t  \r\n\t\t<div class=\"thsn-featured-wrapper\"><a href=\"https:\/\/celilabadadpu.edu.az\/?thsn-service=paradontosis\"><img loading=\"lazy\" decoding=\"async\" width=\"770\" height=\"500\" src=\"https:\/\/celilabadadpu.edu.az\/wp-content\/uploads\/2018\/10\/Project-Cost-Estimating-1024x654-1-770x500.jpeg\" class=\"attachment-thsn-img-770x500 size-thsn-img-770x500 wp-post-image\" alt=\"\" data-id=\"12373\" \/><\/a><\/div>\t\r\n\t\t<div class=\"themesion-box-content\">\t\t\t\t\t\t\r\n\t\t\t<div class=\"themesion-box-content-inner\">\r\n\t\t\t\t<div class=\"thsn-service-icon\">\r\n\t\t\t\t\t<div class=\"thsn-service-icon-wrapper\">\r\n\t\t\t\t\t\t<i class=\"fa fa-bars\"><\/i>\t\t\t\t\t<\/div>\r\n\t\t\t\t<\/div>\r\n\t\t\t\t<h3 class=\"thsn-service-title\"><a href=\"https:\/\/celilabadadpu.edu.az\/?thsn-service=paradontosis\">M\u00fchasibatl\u0131q \u015f\u00f6b\u0259si<\/a><\/h3> \r\n\t\t\t<\/div>\r\n\t\t<\/div>\r\n\t<\/div>\r\n<\/article>\r\n<\/div><div class=\"thsn-ele thsn-service-ele col-md-4 sob%c9%99l%c9%99r\"><article class=\"themesion-ele themesion-ele-service thsn-service-style-4\">\r\n\t<div class=\"themesion-post-item\">\t\t\t  \r\n\t\t<div class=\"thsn-featured-wrapper\"><a href=\"https:\/\/celilabadadpu.edu.az\/?thsn-service=cavity-protection\"><img loading=\"lazy\" decoding=\"async\" width=\"770\" height=\"500\" src=\"https:\/\/celilabadadpu.edu.az\/wp-content\/uploads\/2018\/10\/1496236239_1-770x500.jpg\" class=\"attachment-thsn-img-770x500 size-thsn-img-770x500 wp-post-image\" alt=\"\" data-id=\"12376\" \/><\/a><\/div>\t\r\n\t\t<div class=\"themesion-box-content\">\t\t\t\t\t\t\r\n\t\t\t<div class=\"themesion-box-content-inner\">\r\n\t\t\t\t<div class=\"thsn-service-icon\">\r\n\t\t\t\t\t<div class=\"thsn-service-icon-wrapper\">\r\n\t\t\t\t\t\t<i class=\"fa fa-bars\"><\/i>\t\t\t\t\t<\/div>\r\n\t\t\t\t<\/div>\r\n\t\t\t\t<h3 class=\"thsn-service-title\"><a href=\"https:\/\/celilabadadpu.edu.az\/?thsn-service=cavity-protection\">Komp\u00fcter m\u0259rk\u0259zi<\/a><\/h3> \r\n\t\t\t<\/div>\r\n\t\t<\/div>\r\n\t<\/div>\r\n<\/article>\r\n<\/div><\/div><\/div><!-- .themesion-element-inner -->   <\/div><!-- .themesion-element -->  [\/vc_column][\/vc_row]<\/p>\n","protected":false},"excerpt":{"rendered":"<p>[vc_row][vc_column][\/vc_column][\/vc_row]<\/p>\n","protected":false},"author":3,"featured_media":0,"parent":0,"menu_order":0,"comment_status":"closed","ping_status":"closed","template":"","meta":{"_acf_changed":false,"_monsterinsights_skip_tracking":false,"_monsterinsights_sitenote_active":false,"_monsterinsights_sitenote_note":"","_monsterinsights_sitenote_category":0,"footnotes":""},"class_list":["post-13763","page","type-page","status-publish","hentry"],"acf":[],"aioseo_notices":[],"_links":{"self":[{"href":"https:\/\/celilabadadpu.edu.az\/index.php?rest_route=\/wp\/v2\/pages\/13763","targetHints":{"allow":["GET"]}}],"collection":[{"href":"https:\/\/celilabadadpu.edu.az\/index.php?rest_route=\/wp\/v2\/pages"}],"about":[{"href":"https:\/\/celilabadadpu.edu.az\/index.php?rest_route=\/wp\/v2\/types\/page"}],"author":[{"embeddable":true,"href":"https:\/\/celilabadadpu.edu.az\/index.php?rest_route=\/wp\/v2\/users\/3"}],"replies":[{"embeddable":true,"href":"https:\/\/celilabadadpu.edu.az\/index.php?rest_route=%2Fwp%2Fv2%2Fcomments&post=13763"}],"version-history":[{"count":4,"href":"https:\/\/celilabadadpu.edu.az\/index.php?rest_route=\/wp\/v2\/pages\/13763\/revisions"}],"predecessor-version":[{"id":13767,"href":"https:\/\/celilabadadpu.edu.az\/index.php?rest_route=\/wp\/v2\/pages\/13763\/revisions\/13767"}],"wp:attachment":[{"href":"https:\/\/celilabadadpu.edu.az\/index.php?rest_route=%2Fwp%2Fv2%2Fmedia&parent=13763"}],"curies":[{"name":"wp","href":"https:\/\/api.w.org\/{rel}","templated":true}]}}