{"id":13771,"date":"2024-10-05T06:54:02","date_gmt":"2024-10-05T06:54:02","guid":{"rendered":"https:\/\/celilabadadpu.edu.az\/?page_id=13771"},"modified":"2024-10-07T07:14:33","modified_gmt":"2024-10-07T07:14:33","slug":"direktorluq-2","status":"publish","type":"page","link":"https:\/\/celilabadadpu.edu.az\/?page_id=13771","title":{"rendered":"Direktorluq"},"content":{"rendered":"<p>[vc_row][vc_column][vc_empty_space]<div  class=\"themesion-element themesion-element-team thsn-element-team-style-1 themesion-element-viewtype-row-column thsn-sortable-no\" data-show=\"3\" data-columns=\"3\" data-loop=\"false\" data-autoplay=\"false\" data-center=\"false\" data-nav=\"false\" data-dots=\"false\" data-autoplayspeed=\"1000\" data-margin=\"\"><div class=\"themesion-element-inner\"><div class=\"thsn-element-posts-wrapper row multi-columns-row\"><div class=\"thsn-ele thsn-team-ele col-md-4 \"><article class=\"themesion-ele themesion-ele-team thsn-team-style-1\">\r\n\t<div class=\"themesion-post-item\">\r\n\t\t<div class=\"themesion-team-image-box\">\r\n\t\t\t<div class=\"thsn-featured-wrapper\"><a href=\"https:\/\/celilabadadpu.edu.az\/?thsn-team-member=t%c9%99dris-v%c9%99-elmi-isl%c9%99r-uzr%c9%99-direktor-muavini\"><img loading=\"lazy\" decoding=\"async\" width=\"500\" height=\"580\" src=\"https:\/\/celilabadadpu.edu.az\/wp-content\/uploads\/2025\/10\/IMG-20251024-WA0047-500x580.jpg\" class=\"attachment-thsn-img-500x580 size-thsn-img-500x580 wp-post-image\" alt=\"\" data-id=\"14280\" \/><\/a><\/div>\t\t<\/div>\r\n\t\t<div class=\"themesion-box-content\">\r\n\t\t\t<div class=\"themesion-box-content-inner\">\t\t\t\t\r\n\t\t\t\t<div class=\"themesion-box-team-position\">\r\n\t\t\t\t\t\t\t\t\t<\/div>\r\n\t\t\t\t<h3 class=\"thsn-team-title\"><a href=\"https:\/\/celilabadadpu.edu.az\/?thsn-team-member=t%c9%99dris-v%c9%99-elmi-isl%c9%99r-uzr%c9%99-direktor-muavini\">T\u0259dris v\u0259 elmi i\u015fl\u0259r \u00fczr\u0259 direktor m\u00fcavini<\/a><\/h3>\r\n\t\t\t<\/div>\r\n\t\t\t<div class=\"themesion-box-social-links\"><\/div>\r\n\t\t<\/div>\r\n\t<\/div>\r\n<\/article><\/div><div class=\"thsn-ele thsn-team-ele col-md-4 \"><article class=\"themesion-ele themesion-ele-team thsn-team-style-1\">\r\n\t<div class=\"themesion-post-item\">\r\n\t\t<div class=\"themesion-team-image-box\">\r\n\t\t\t<div class=\"thsn-featured-wrapper\"><a href=\"https:\/\/celilabadadpu.edu.az\/?thsn-team-member=dr-maria-angel\"><img loading=\"lazy\" decoding=\"async\" width=\"500\" height=\"580\" src=\"https:\/\/celilabadadpu.edu.az\/wp-content\/uploads\/2018\/12\/direktor-500x580.jpg\" class=\"attachment-thsn-img-500x580 size-thsn-img-500x580 wp-post-image\" alt=\"\" data-id=\"12583\" \/><\/a><\/div>\t\t<\/div>\r\n\t\t<div class=\"themesion-box-content\">\r\n\t\t\t<div class=\"themesion-box-content-inner\">\t\t\t\t\r\n\t\t\t\t<div class=\"themesion-box-team-position\">\r\n\t\t\t\t\t\t\t<div class=\"themesion-box-team-position\">D\u0130REKTOR<\/div>\r\n\t\t\t\t\t\t<\/div>\r\n\t\t\t\t<h3 class=\"thsn-team-title\"><a href=\"https:\/\/celilabadadpu.edu.az\/?thsn-team-member=dr-maria-angel\">SULTANLI XUDAYAR H\u018fZ\u018fRXAN O\u011eLU<\/a><\/h3>\r\n\t\t\t<\/div>\r\n\t\t\t<div class=\"themesion-box-social-links\"><ul class=\"thsn-social-links thsn-team-social-links\"><li class=\"thsn-social-li thsn-social-facebook\"><a href=\"#\" title=\"Facebook\" target=\"_blank\"><span><i class=\"thsn-base-icon-facebook-squared\"><\/i><\/span><\/a><\/li><li class=\"thsn-social-li thsn-social-twitter\"><a href=\"#\" title=\"Twitter\" target=\"_blank\"><span><i class=\"thsn-base-icon-twitter\"><\/i><\/span><\/a><\/li><li class=\"thsn-social-li thsn-social-linkedin\"><a href=\"#\" title=\"LinkedIn\" target=\"_blank\"><span><i class=\"thsn-base-icon-linkedin-squared\"><\/i><\/span><\/a><\/li><\/ul><\/div>\r\n\t\t<\/div>\r\n\t<\/div>\r\n<\/article><\/div><div class=\"thsn-ele thsn-team-ele col-md-4 \"><article class=\"themesion-ele themesion-ele-team thsn-team-style-1\">\r\n\t<div class=\"themesion-post-item\">\r\n\t\t<div class=\"themesion-team-image-box\">\r\n\t\t\t<div class=\"thsn-featured-wrapper\"><a href=\"https:\/\/celilabadadpu.edu.az\/?thsn-team-member=agahuseynov-amid-ehtimat-oglu\"><img loading=\"lazy\" decoding=\"async\" width=\"500\" height=\"580\" src=\"https:\/\/celilabadadpu.edu.az\/wp-content\/uploads\/2017\/10\/Amid-m-500x580.png\" class=\"attachment-thsn-img-500x580 size-thsn-img-500x580 wp-post-image\" alt=\"\" data-id=\"13800\" \/><\/a><\/div>\t\t<\/div>\r\n\t\t<div class=\"themesion-box-content\">\r\n\t\t\t<div class=\"themesion-box-content-inner\">\t\t\t\t\r\n\t\t\t\t<div class=\"themesion-box-team-position\">\r\n\t\t\t\t\t\t\t<div class=\"themesion-box-team-position\">Direktor m\u00fcavini <\/div>\r\n\t\t\t\t\t\t<\/div>\r\n\t\t\t\t<h3 class=\"thsn-team-title\"><a href=\"https:\/\/celilabadadpu.edu.az\/?thsn-team-member=agahuseynov-amid-ehtimat-oglu\">A\u011eAH\u00dcSEYNOV AM\u0130D EHT\u0130MAT O\u011eLU<\/a><\/h3>\r\n\t\t\t<\/div>\r\n\t\t\t<div class=\"themesion-box-social-links\"><ul class=\"thsn-social-links thsn-team-social-links\"><li class=\"thsn-social-li thsn-social-facebook\"><a href=\"#\" title=\"Facebook\" target=\"_blank\"><span><i class=\"thsn-base-icon-facebook-squared\"><\/i><\/span><\/a><\/li><li class=\"thsn-social-li thsn-social-youtube\"><a href=\"#\" title=\"YouTube\" target=\"_blank\"><span><i class=\"thsn-base-icon-youtube-play\"><\/i><\/span><\/a><\/li><li class=\"thsn-social-li thsn-social-instagram\"><a href=\"#\" title=\"Instagram\" target=\"_blank\"><span><i class=\"thsn-base-icon-instagram\"><\/i><\/span><\/a><\/li><\/ul><\/div>\r\n\t\t<\/div>\r\n\t<\/div>\r\n<\/article><\/div><\/div><\/div><!-- .themesion-element-inner -->   <\/div><!-- .themesion-element -->  [\/vc_column][\/vc_row]<\/p>\n","protected":false},"excerpt":{"rendered":"<p>[vc_row][vc_column][vc_empty_space][\/vc_column][\/vc_row]<\/p>\n","protected":false},"author":3,"featured_media":0,"parent":0,"menu_order":0,"comment_status":"closed","ping_status":"closed","template":"","meta":{"_acf_changed":false,"_monsterinsights_skip_tracking":false,"_monsterinsights_sitenote_active":false,"_monsterinsights_sitenote_note":"","_monsterinsights_sitenote_category":0,"footnotes":""},"class_list":["post-13771","page","type-page","status-publish","hentry"],"acf":[],"aioseo_notices":[],"_links":{"self":[{"href":"https:\/\/celilabadadpu.edu.az\/index.php?rest_route=\/wp\/v2\/pages\/13771","targetHints":{"allow":["GET"]}}],"collection":[{"href":"https:\/\/celilabadadpu.edu.az\/index.php?rest_route=\/wp\/v2\/pages"}],"about":[{"href":"https:\/\/celilabadadpu.edu.az\/index.php?rest_route=\/wp\/v2\/types\/page"}],"author":[{"embeddable":true,"href":"https:\/\/celilabadadpu.edu.az\/index.php?rest_route=\/wp\/v2\/users\/3"}],"replies":[{"embeddable":true,"href":"https:\/\/celilabadadpu.edu.az\/index.php?rest_route=%2Fwp%2Fv2%2Fcomments&post=13771"}],"version-history":[{"count":2,"href":"https:\/\/celilabadadpu.edu.az\/index.php?rest_route=\/wp\/v2\/pages\/13771\/revisions"}],"predecessor-version":[{"id":13799,"href":"https:\/\/celilabadadpu.edu.az\/index.php?rest_route=\/wp\/v2\/pages\/13771\/revisions\/13799"}],"wp:attachment":[{"href":"https:\/\/celilabadadpu.edu.az\/index.php?rest_route=%2Fwp%2Fv2%2Fmedia&parent=13771"}],"curies":[{"name":"wp","href":"https:\/\/api.w.org\/{rel}","templated":true}]}}