{"id":13782,"date":"2024-10-05T07:11:13","date_gmt":"2024-10-05T07:11:13","guid":{"rendered":"https:\/\/celilabadadpu.edu.az\/?page_id=13782"},"modified":"2024-10-05T07:12:01","modified_gmt":"2024-10-05T07:12:01","slug":"arxiv","status":"publish","type":"page","link":"https:\/\/celilabadadpu.edu.az\/?page_id=13782","title":{"rendered":"Arxiv"},"content":{"rendered":"<p>[vc_row][vc_column][vc_empty_space][vc_column_text]<span style=\"color: #000000;\">ADPU-nun\u00a0 C\u0259lilabad filial\u0131n\u0131n \u0130nsan resurslar\u0131 v\u0259 karg\u00fczarl\u0131q \u015f\u00f6b\u0259sinin t\u0259rkibind\u0259 olan Arxiv 2001-ci ild\u0259n f\u0259aliyy\u0259t\u0259 ba\u015flam\u0131\u015fd\u0131r. Arxivd\u0259 s\u0259n\u0259dli materiallar\u0131n qorunub saxlan\u0131lmas\u0131 t\u0259min edilir.Karg\u00fczarl\u0131qda ba\u015fa \u00e7atm\u0131\u015f s\u0259n\u0259dl\u0259r, m\u00fc\u0259ssis\u0259, idar\u0259 v\u0259 t\u0259\u015fkilatlar\u0131n v\u0259 onlar\u0131n struktur b\u00f6lm\u0259l\u0259rind\u0259n g\u0259l\u0259nl\u0259r saxlan\u0131l\u0131r.. Daimi v\u0259 ya m\u00fcv\u0259qq\u0259ti m\u00fchafizd\u0259 olan vahidl\u0259rin siyahisi el\u0259c\u0259 d\u0259 d\u00f6vl\u0259t m\u00fchafiz\u0259sin\u0259 veril\u0259c\u0259k s\u0259n\u0259di m\u00fchafiz\u0259 vaxt\u0131 ke\u00e7mi\u015f materiallar\u0131n silinm\u0259si v\u0259 m\u0259hv edilm\u0259si, aktlar\u0131n saxlan\u0131lmas\u0131 arxiv\u0259 aiddir.<\/span><\/p>\n<p><span style=\"color: #000000;\"><strong>\u00a0<\/strong><\/span><\/p>\n<p><span style=\"color: #000000;\"><strong>Arxiv\u00e7i\u00a0 Rzayeva Sur\u0259 Af\u0259t q\u0131z\u0131<\/strong><\/span>[\/vc_column_text][\/vc_column][\/vc_row]<\/p>\n","protected":false},"excerpt":{"rendered":"<p>[vc_row][vc_column][vc_empty_space][vc_column_text]ADPU-nun\u00a0 C\u0259lilabad filial\u0131n\u0131n \u0130nsan resurslar\u0131 v\u0259 karg\u00fczarl\u0131q \u015f\u00f6b\u0259sinin t\u0259rkibind\u0259 olan Arxiv 2001-ci ild\u0259n f\u0259aliyy\u0259t\u0259 ba\u015flam\u0131\u015fd\u0131r. Arxivd\u0259 s\u0259n\u0259dli materiallar\u0131n qorunub saxlan\u0131lmas\u0131 t\u0259min edilir.Karg\u00fczarl\u0131qda ba\u015fa \u00e7atm\u0131\u015f s\u0259n\u0259dl\u0259r, m\u00fc\u0259ssis\u0259, idar\u0259 v\u0259 t\u0259\u015fkilatlar\u0131n v\u0259 onlar\u0131n struktur b\u00f6lm\u0259l\u0259rind\u0259n g\u0259l\u0259nl\u0259r saxlan\u0131l\u0131r.. Daimi v\u0259 ya m\u00fcv\u0259qq\u0259ti m\u00fchafizd\u0259 olan vahidl\u0259rin siyahisi el\u0259c\u0259 d\u0259 d\u00f6vl\u0259t m\u00fchafiz\u0259sin\u0259 veril\u0259c\u0259k s\u0259n\u0259di m\u00fchafiz\u0259 vaxt\u0131 ke\u00e7mi\u015f materiallar\u0131n silinm\u0259si v\u0259 [&hellip;]<\/p>\n","protected":false},"author":3,"featured_media":0,"parent":0,"menu_order":0,"comment_status":"closed","ping_status":"closed","template":"","meta":{"_acf_changed":false,"_monsterinsights_skip_tracking":false,"_monsterinsights_sitenote_active":false,"_monsterinsights_sitenote_note":"","_monsterinsights_sitenote_category":0,"footnotes":""},"class_list":["post-13782","page","type-page","status-publish","hentry"],"acf":[],"aioseo_notices":[],"_links":{"self":[{"href":"https:\/\/celilabadadpu.edu.az\/index.php?rest_route=\/wp\/v2\/pages\/13782","targetHints":{"allow":["GET"]}}],"collection":[{"href":"https:\/\/celilabadadpu.edu.az\/index.php?rest_route=\/wp\/v2\/pages"}],"about":[{"href":"https:\/\/celilabadadpu.edu.az\/index.php?rest_route=\/wp\/v2\/types\/page"}],"author":[{"embeddable":true,"href":"https:\/\/celilabadadpu.edu.az\/index.php?rest_route=\/wp\/v2\/users\/3"}],"replies":[{"embeddable":true,"href":"https:\/\/celilabadadpu.edu.az\/index.php?rest_route=%2Fwp%2Fv2%2Fcomments&post=13782"}],"version-history":[{"count":2,"href":"https:\/\/celilabadadpu.edu.az\/index.php?rest_route=\/wp\/v2\/pages\/13782\/revisions"}],"predecessor-version":[{"id":13785,"href":"https:\/\/celilabadadpu.edu.az\/index.php?rest_route=\/wp\/v2\/pages\/13782\/revisions\/13785"}],"wp:attachment":[{"href":"https:\/\/celilabadadpu.edu.az\/index.php?rest_route=%2Fwp%2Fv2%2Fmedia&parent=13782"}],"curies":[{"name":"wp","href":"https:\/\/api.w.org\/{rel}","templated":true}]}}